{"id":18,"date":"2014-10-20T18:43:39","date_gmt":"2014-10-20T18:43:39","guid":{"rendered":"http:\/\/transitionplanningwindsoressex.ca\/francais\/?page_id=18"},"modified":"2022-06-20T15:43:34","modified_gmt":"2022-06-20T15:43:34","slug":"home","status":"publish","type":"page","link":"https:\/\/planyourtransition.com\/planificationdelatransition\/","title":{"rendered":"Accueil"},"content":{"rendered":"<p><img data-recalc-dims=\"1\" decoding=\"async\" class=\"alignnone wp-image-158 size-full\" src=\"https:\/\/i0.wp.com\/planyourtransition.com\/planificationdelatransition\/wp-content\/uploads\/2014\/10\/DreamPlanAct-TranslatedFR-new-1.png?resize=547%2C113&#038;ssl=1\" alt=\"\" width=\"547\" height=\"113\" srcset=\"https:\/\/i0.wp.com\/planyourtransition.com\/planificationdelatransition\/wp-content\/uploads\/2014\/10\/DreamPlanAct-TranslatedFR-new-1.png?w=547&amp;ssl=1 547w, https:\/\/i0.wp.com\/planyourtransition.com\/planificationdelatransition\/wp-content\/uploads\/2014\/10\/DreamPlanAct-TranslatedFR-new-1.png?resize=300%2C62&amp;ssl=1 300w\" sizes=\"(max-width: 547px) 100vw, 547px\" \/><\/p>\n<p><strong>Planifier l\u2019avenir de votre enfant ayant une d\u00e9ficience <\/strong><br \/>\nNous r\u00eavons tous que notre enfant m\u00e8ne une vie riche, remplie d\u2019activit\u00e9s int\u00e9ressantes, de camaraderie et de s\u00e9curit\u00e9 financi\u00e8re, dans le confort d\u2019une maison. Pour les parents dont un enfant a une d\u00e9ficience, cette vision exige davantage de planification et de d\u00e9marches.<\/p>\n<p>Ce site Web est con\u00e7u pour les parents de jeunes \u00e2g\u00e9s de 14 \u00e0 18 ans qui vivent avec une d\u00e9ficience intellectuelle. Les fr\u00e8res et s\u0153urs, la famille \u00e9largie et les amis trouveront \u00e9galement ces informations extr\u00eamement utiles. Le site fournit des conseils, des ressources, des renseignements et de l\u2019information pratique pour faciliter la transition du syst\u00e8me scolaire \u00e0 la vie adulte.<\/p>\n<p>Notre meilleur conseil est de commencer le plus t\u00f4t possible. Avec une longueur d\u2019avance, vous pourrez cr\u00e9er des options sur mesure qui refl\u00e9teront les \u00e9l\u00e9ments essentiels du mode de vie de votre famille et de votre enfant. La planification implique \u00e9galement une pens\u00e9e cr\u00e9ative. Tirez profit des comp\u00e9tences, des int\u00e9r\u00eats et des forces de votre enfant pour d\u00e9velopper des liens naturels dans votre communaut\u00e9.<\/p>\n<p>Vous trouverez dans ces pages des renseignements sur les incitatifs financiers destin\u00e9s aux familles de tous les niveaux de revenu, comme le R\u00e9gime enregistr\u00e9 d\u2019\u00e9pargne-invalidit\u00e9. Vous trouverez \u00e9galement des informations sur le Programme ontarien de soutien aux personnes handicap\u00e9es.<\/p>\n<p>\u00c0 Windsor et Essex, en Ontario, des facilitateurs ind\u00e9pendants, des fournisseurs de services et des repr\u00e9sentants du gouvernement se sont r\u00e9unis pour r\u00e9fl\u00e9chir aux renseignements utiles pour les familles \u00e0 l\u2019\u00e9tape de la planification. Cette information est regroup\u00e9e dans un manuel tr\u00e8s pratique, qui s\u2019intitule <em>Guide d\u2019information sur la transition<\/em>. Pour en obtenir un exemplaire ou un exemplaire suppl\u00e9mentaire, veuillez vous adresser \u00e0 l\u2019enseignante ou l\u2019enseignant de votre enfant.<\/p>\n<p>Autre information disponible sur ce site\u00a0:<\/p>\n<ol>\n<li><a href=\"https:\/\/planyourtransition.com\/planificationdelatransition\/histoires-de-famille\/\">Histoires de famille<\/a><\/li>\n<li><a href=\"https:\/\/planyourtransition.com\/planificationdelatransition\/etapes-de-planification\/\">\u00c9tapes de planification et ressources communautaires<\/a><\/li>\n<\/ol>\n","protected":false},"excerpt":{"rendered":"<p>Planifier l\u2019avenir de votre enfant ayant une d\u00e9ficience Nous r\u00eavons tous que notre enfant m\u00e8ne une vie riche, remplie d\u2019activit\u00e9s int\u00e9ressantes, de camaraderie et de s\u00e9curit\u00e9 financi\u00e8re, dans le confort d\u2019une maison. Pour les parents dont un enfant a une d\u00e9ficience, cette vision exige davantage de planification et de d\u00e9marches. Ce site Web est con\u00e7u &#8230;<\/p>\n","protected":false},"author":1,"featured_media":0,"parent":0,"menu_order":0,"comment_status":"closed","ping_status":"closed","template":"","meta":{"nf_dc_page":"","footnotes":""},"class_list":["post-18","page","type-page","status-publish","hentry"],"jetpack_sharing_enabled":true,"_links":{"self":[{"href":"https:\/\/planyourtransition.com\/planificationdelatransition\/wp-json\/wp\/v2\/pages\/18","targetHints":{"allow":["GET"]}}],"collection":[{"href":"https:\/\/planyourtransition.com\/planificationdelatransition\/wp-json\/wp\/v2\/pages"}],"about":[{"href":"https:\/\/planyourtransition.com\/planificationdelatransition\/wp-json\/wp\/v2\/types\/page"}],"author":[{"embeddable":true,"href":"https:\/\/planyourtransition.com\/planificationdelatransition\/wp-json\/wp\/v2\/users\/1"}],"replies":[{"embeddable":true,"href":"https:\/\/planyourtransition.com\/planificationdelatransition\/wp-json\/wp\/v2\/comments?post=18"}],"version-history":[{"count":5,"href":"https:\/\/planyourtransition.com\/planificationdelatransition\/wp-json\/wp\/v2\/pages\/18\/revisions"}],"predecessor-version":[{"id":218,"href":"https:\/\/planyourtransition.com\/planificationdelatransition\/wp-json\/wp\/v2\/pages\/18\/revisions\/218"}],"wp:attachment":[{"href":"https:\/\/planyourtransition.com\/planificationdelatransition\/wp-json\/wp\/v2\/media?parent=18"}],"curies":[{"name":"wp","href":"https:\/\/api.w.org\/{rel}","templated":true}]}}